{"id":1080,"date":"2017-08-23T12:52:36","date_gmt":"2017-08-23T10:52:36","guid":{"rendered":"https:\/\/www.blankko.es\/?page_id=1080\/"},"modified":"2018-02-01T15:40:16","modified_gmt":"2018-02-01T13:40:16","slug":"cookies-policy-and-privacy-act","status":"publish","type":"page","link":"https:\/\/www.blankko.es\/en\/cookies-policy-and-privacy-act\/","title":{"rendered":"Cookies Policy and Privacy Act"},"content":{"rendered":"[vc_row][vc_column][vc_column_text]\n<h3>Pol\u00edtica de cookies<\/h3>\n<p>Cookie es un fichero que se descarga en su ordenador al acceder a determinadas p\u00e1ginas web. Las cookies permiten a una p\u00e1gina web, entre otras cosas, almacenar y recuperar informaci\u00f3n sobre los h\u00e1bitos de navegaci\u00f3n de un usuario o de su equipo y, dependiendo de la informaci\u00f3n que contengan y de la forma en que utilice su equipo, pueden utilizarse para reconocer al usuario&#8230; El navegador del usuario memoriza cookies en el disco duro solamente durante la sesi\u00f3n actual ocupando un espacio de memoria m\u00ednimo y no perjudicando al ordenador. Las cookies no contienen ninguna clase de informaci\u00f3n personal espec\u00edfica, y la mayor\u00eda de las mismas se borran del disco duro al finalizar la sesi\u00f3n de navegador (las denominadas cookies de sesi\u00f3n).<\/p>\n<p>La mayor\u00eda de los navegadores aceptan como est\u00e1ndar a las cookies y, con independencia de las mismas, permiten o impiden en los ajustes de seguridad las cookies temporales o memorizadas.<\/p>\n<p>Sin su expreso consentimiento \u2013mediante la activaci\u00f3n de las cookies en su navegador\u2013 Blankko no enlazar\u00e1 en las cookies los datos memorizados con sus datos personales proporcionados en el momento del registro o la compra..<\/p>\n<p>\u00bfQU\u00c9 TIPOS DE COOKIES UTILIZA ESTA P\u00c1GINA WEB?<\/p>\n<p>\u2013 Cookies t\u00e9cnicas: Son aqu\u00e9llas que permiten al usuario la navegaci\u00f3n a trav\u00e9s de una p\u00e1gina web, plataforma o aplicaci\u00f3n y la utilizaci\u00f3n de las diferentes opciones o servicios que en ella existan como, por ejemplo, controlar el tr\u00e1fico y la comunicaci\u00f3n de datos, identificar la sesi\u00f3n, acceder a partes de acceso restringido, recordar los elementos que integran un pedido, realizar el proceso de compra de un pedido, realizar la solicitud de inscripci\u00f3n o participaci\u00f3n en un evento, utilizar elementos de seguridad durante la navegaci\u00f3n, almacenar contenidos para la difusi\u00f3n de videos o sonido o compartir contenidos a trav\u00e9s de redes sociales.<\/p>\n<p>\u2013 Cookies de personalizaci\u00f3n: Son aqu\u00e9llas que permiten al usuario acceder al servicio con algunas caracter\u00edsticas de car\u00e1cter general predefinidas en funci\u00f3n de una serie de criterios en el terminal del usuario como por ejemplo serian el idioma, el tipo de navegador a trav\u00e9s del cual accede al servicio, la configuraci\u00f3n regional desde donde accede al servicio, etc.<\/p>\n<p>\u2013 Cookies de an\u00e1lisis: Son aqu\u00e9llas que bien tratadas por nosotros o por terceros, nos permiten cuantificar el n\u00famero de usuarios y as\u00ed realizar la medici\u00f3n y an\u00e1lisis estad\u00edstico de la utilizaci\u00f3n que hacen los usuarios del servicio ofertado. Para ello se analiza su navegaci\u00f3n en nuestra p\u00e1gina web con el fin de mejorar la oferta de productos o servicios que le ofrecemos.<\/p>\n<p>\u2013 Cookies publicitarias: Son aqu\u00e9llas que, bien tratadas por nosotros o por terceros, nos permiten gestionar de la forma m\u00e1s eficaz posible la oferta de los espacios publicitarios que hay en la p\u00e1gina web, adecuando el contenido del anuncio al contenido del servicio solicitado o al uso que realice de nuestra p\u00e1gina web. Para ello podemos analizar sus h\u00e1bitos de navegaci\u00f3n en Internet y podemos mostrarle publicidad relacionada con su perfil de navegaci\u00f3n.<\/p>\n<p>\u2013 Cookies de publicidad comportamental: Son aqu\u00e9llas que permiten la gesti\u00f3n, de la forma m\u00e1s eficaz posible, de los espacios publicitarios que, en su caso, el editor haya incluido en una p\u00e1gina web, aplicaci\u00f3n o plataforma desde la que presta el servicio solicitado. Estas cookies almacenan informaci\u00f3n del comportamiento de los usuarios obtenida a trav\u00e9s de la observaci\u00f3n continuada de sus h\u00e1bitos de navegaci\u00f3n, lo que permite desarrollar un perfil espec\u00edfico para mostrar publicidad en funci\u00f3n del mismo.<\/p>\n<p>COOKIES DE TERCEROS: La Web de blankko.es\u00a0puede utilizar servicios de terceros que, por cuenta de Blankko, recopilaran informaci\u00f3n con fines estad\u00edsticos, de uso del Site por parte del usuario y para la prestaci\u00f3n de otros servicios relacionados con la actividad del Website y otros servicios de Internet.<\/p>\n<p>En particular, este sitio Web utiliza Google Analytics, un servicio anal\u00edtico de web prestado por Google, Inc. con domicilio en los Estados Unidos con sede central en 1600 Amphitheatre Parkway, Mountain View, California 94043. Para la prestaci\u00f3n de estos servicios, estos utilizan cookies que recopilan la informaci\u00f3n, incluida la direcci\u00f3n IP del usuario, que ser\u00e1 transmitida, tratada y almacenada por Google en los t\u00e9rminos fijados en la Web Google.com. Incluyendo la posible transmisi\u00f3n de dicha informaci\u00f3n a terceros por razones de exigencia legal o cuando dichos terceros procesen la informaci\u00f3n por cuenta de Google.<\/p>\n<p>El Usuario acepta expresamente, por la utilizaci\u00f3n de este Site, el tratamiento de la informaci\u00f3n recabada en la forma y con los fines anteriormente mencionados. Y asimismo reconoce conocer la posibilidad de rechazar el tratamiento de tales datos o informaci\u00f3n rechazando el uso de Cookies mediante la selecci\u00f3n de la configuraci\u00f3n apropiada a tal fin en su navegador. Si bien esta opci\u00f3n de bloqueo de Cookies en su navegador puede no permitirle el uso pleno de todas las funcionalidades del Website.<\/p>\n<p>Puede usted permitir, bloquear o eliminar las cookies instaladas en su equipo mediante la configuraci\u00f3n de las opciones del navegador instalado en su ordenador:<\/p>\n<ul>\n<li><a href=\"http:\/\/support.google.com\/chrome\/bin\/answer.py?hl=es&amp;answer=95647\" target=\"_blank\" rel=\"noopener noreferrer\">Chrome<\/a><\/li>\n<li><a href=\"http:\/\/windows.microsoft.com\/es-es\/windows7\/how-to-manage-cookies-in-internet-explorer-9\" target=\"_blank\" rel=\"noopener noreferrer\">Explorer<\/a><\/li>\n<li><a href=\"http:\/\/support.mozilla.org\/es\/kb\/habilitar-y-deshabilitar-cookies-que-los-sitios-we\" target=\"_blank\" rel=\"noopener noreferrer\">Firefox<\/a><\/li>\n<li><a href=\"http:\/\/support.apple.com\/kb\/ph5042\" target=\"_blank\" rel=\"noopener noreferrer\">Safari<\/a><\/li>\n<\/ul>\n<p>Si tiene dudas sobre esta pol\u00edtica de cookies, puede contactar con blankko en <a href=\"mailto:direccion@blankko.es\" target=\"_blank\" rel=\"noopener noreferrer\">direccion@blankko.es<\/a>[\/vc_column_text][\/vc_column][\/vc_row][vc_row][vc_column][vc_column_text]\n<h3>Ley de privacidad<\/h3>\n<p><strong>1. USUARIOS:<\/strong><br \/>\nEl acceso y\/o uso de este portal de Blankko\u00a0atribuye la condici\u00f3n de USUARIO, que acepta, desde dicho acceso y\/o uso, las Condiciones Generales de Uso aqu\u00ed reflejadas. Las citadas Condiciones ser\u00e1n de aplicaci\u00f3n independientemente de las Condiciones Generales de Contrataci\u00f3n que en su caso resulten de obligado cumplimiento.<\/p>\n<p><strong>2. USO DEL PORTAL:<\/strong><br \/>\nIndicar dominio proporciona el acceso a multitud de informaciones, servicios, programas o datos (en adelante, &#8220;los contenidos&#8221;) en Internet pertenecientes a Blankko o a sus licenciantes a los que el USUARIO pueda tener acceso. El USUARIO asume la responsabilidad del uso del portal. Dicha responsabilidad se extiende al registro que fuese necesario para acceder a determinados servicios o contenidos.<br \/>\nEn dicho registro el USUARIO ser\u00e1 responsable de aportar informaci\u00f3n veraz y l\u00edcita. Como consecuencia de este registro, al USUARIO se le puede proporcionar una contrase\u00f1a de la que ser\u00e1 responsable, comprometi\u00e9ndose a hacer un uso diligente y confidencial de la misma. El USUARIO se compromete a hacer un uso adecuado de los contenidos y servicios (como por ejemplo servicios de chat, foros de discusi\u00f3n o grupos de noticias) que Blankko ofrece a trav\u00e9s de su portal y con car\u00e1cter enunciativo pero no limitativo, a no emplearlos para (i) incurrir en actividades il\u00edcitas, ilegales o contrarias a la buena fe y al orden p\u00fablico; (ii) difundir contenidos o propaganda de car\u00e1cter racista, xen\u00f3fobo, pornogr\u00e1fico-ilegal, de apolog\u00eda del terrorismo o atentatorio contra los derechos humanos; (iii) provocar da\u00f1os en los sistemas f\u00edsicos y l\u00f3gicos de Blankko, de sus proveedores o de terceras personas, introducir o difundir en la red virus inform\u00e1ticos o cualesquiera otros sistemas f\u00edsicos o l\u00f3gicos que sean susceptibles de provocar los da\u00f1os anteriormente mencionados; (iv) intentar acceder y, en su caso, utilizar las cuentas de correo electr\u00f3nico de otros usuarios y modificar o manipular sus mensajes. Blankko se reserva el derecho de retirar todos aquellos comentarios y aportaciones que vulneren el respeto a la dignidad de la persona, que sean discriminatorios, xen\u00f3fobos, racistas, pornogr\u00e1ficos, que atenten contra la juventud o la infancia, el orden o la seguridad p\u00fablica o que, a su juicio, no resultaran adecuados para su publicaci\u00f3n.<br \/>\nEn cualquier caso, Blankko no ser\u00e1 responsable de las opiniones vertidas por los usuarios a trav\u00e9s de los foros, chats, u otras herramientas de participaci\u00f3n.<\/p>\n<p><strong>3. PROTECCI\u00d3N DE DATOS:<\/strong><br \/>\nBlankko cumple con las directrices de la Ley Org\u00e1nica 15\/1999 de 13 de diciembre de Protecci\u00f3n de Datos de Car\u00e1cter Personal, el Real Decreto 1720\/2007 de 21 de diciembre por el que se aprueba el Reglamento de desarrollo de la Ley Org\u00e1nica y dem\u00e1s normativa vigente en cada momento, y vela por garantizar un correcto uso y tratamiento de los datos personales del usuario. Para ello, junto a cada formulario de recabo de datos de car\u00e1cter personal, en los servicios que el usuario pueda solicitar a Blankko, har\u00e1 saber al usuario de la existencia y aceptaci\u00f3n de las condiciones particulares del tratamiento de sus datos en cada caso, inform\u00e1ndole de la responsabilidad del fichero creado, la direcci\u00f3n del responsable, la posibilidad de ejercer sus derechos de acceso, rectificaci\u00f3n, cancelaci\u00f3n u oposici\u00f3n, la finalidad del tratamiento y las comunicaciones de datos a terceros en su caso.<br \/>\nAsimismo, Blankko informa que da cumplimiento a la Ley 34\/2002 de 11 de julio, de Servicios de la Sociedad de la Informaci\u00f3n y el Comercio Electr\u00f3nico y le solicitar\u00e1 su consentimiento al tratamiento de su correo electr\u00f3nico con fines comerciales en cada momento.<\/p>\n<p><strong>4. PROPIEDAD INTELECTUAL E INDUSTRIAL:<\/strong><br \/>\nBlankko por s\u00ed o como cesionaria, es titular de todos los derechos de propiedad intelectual e industrial de su p\u00e1gina web, as\u00ed como de los elementos contenidos en la misma (a t\u00edtulo enunciativo, im\u00e1genes, sonido, audio, v\u00eddeo, software o textos; marcas o logotipos, combinaciones de colores, estructura y dise\u00f1o, selecci\u00f3n de materiales usados, programas de ordenador necesarios para su funcionamiento, acceso y uso, etc.), titularidad de Blankko\u00a0o bien de sus licenciantes. Todos los derechos reservados. En virtud de lo dispuesto en los art\u00edculos 8 y 32.1, p\u00e1rrafo segundo, de la Ley de Propiedad Intelectual, quedan expresamente prohibidas la reproducci\u00f3n, la distribuci\u00f3n y la comunicaci\u00f3n p\u00fablica, incluida su modalidad de puesta a disposici\u00f3n, de la totalidad o parte de los contenidos de esta p\u00e1gina web, con fines comerciales, en cualquier soporte y por cualquier medio t\u00e9cnico, sin la autorizaci\u00f3n de Blankko. El USUARIO se compromete a respetar los derechos de Propiedad Intelectual e Industrial titularidad de Blankko. Podr\u00e1 visualizar los elementos del portal e incluso imprimirlos, copiarlos y almacenarlos en el disco duro de su ordenador o en cualquier otro soporte f\u00edsico siempre y cuando sea, \u00fanica y exclusivamente, para su uso personal y privado. El USUARIO deber\u00e1 abstenerse de suprimir, alterar, eludir o manipular cualquier dispositivo de protecci\u00f3n o sistema de seguridad que estuviera instalado en las p\u00e1ginas de Blankko.<\/p>\n<p><strong>5. EXCLUSI\u00d3N DE GARANT\u00cdAS Y RESPONSABILIDAD:<\/strong><br \/>\nBlankko no se hace responsable, en ning\u00fan caso, de los da\u00f1os y perjuicios de cualquier naturaleza que pudieran ocasionar, a t\u00edtulo enunciativo: errores u omisiones en los contenidos, falta de disponibilidad del portal o la transmisi\u00f3n de virus o programas maliciosos o lesivos en los contenidos, a pesar de haber adoptado todas las medidas tecnol\u00f3gicas necesarias para evitarlo.<\/p>\n<p><strong>6. MODIFICACIONES:<\/strong><br \/>\nBlankko se reserva el derecho de efectuar sin previo aviso las modificaciones que considere oportunas en su portal, pudiendo cambiar, suprimir o a\u00f1adir tanto los contenidos y servicios que se presten a trav\u00e9s de la misma como la forma en la que \u00e9stos aparezcan presentados o localizados en su portal.<\/p>\n<p><strong>7. ENLACES:<\/strong><br \/>\nEn el caso de que en nombre del dominio se dispusiesen enlaces o hiperv\u00ednculos hac\u00eda otros sitios de Internet, Blankko no ejercer\u00e1 ning\u00fan tipo de control sobre dichos sitios y contenidos. En ning\u00fan caso Blankko asumir\u00e1 responsabilidad alguna por los contenidos de alg\u00fan enlace perteneciente a un sitio web ajeno, ni garantizar\u00e1 la disponibilidad t\u00e9cnica, calidad, fiabilidad, exactitud, amplitud, veracidad, validez y constitucionalidad de cualquier material o informaci\u00f3n contenida en ninguno de dichos hiperv\u00ednculos u otros sitios de Internet.<br \/>\nIgualmente la inclusi\u00f3n de estas conexiones externas no implicar\u00e1 ning\u00fan tipo de asociaci\u00f3n, fusi\u00f3n o participaci\u00f3n con las entidades conectadas.<\/p>\n<p><strong>8. DERECHO DE EXCLUSI\u00d3N:<\/strong><br \/>\nBlankko se reserva el derecho a denegar o retirar el acceso a portal y\/o los servicios ofrecidos sin necesidad de preaviso, a instancia propia o de un tercero, a aquellos usuarios que incumplan las presentes Condiciones Generales de Uso.<\/p>\n<p><strong>9.GENERALIDADES:<\/strong><br \/>\nBlankko perseguir\u00e1 el incumplimiento de las presentes condiciones as\u00ed como cualquier utilizaci\u00f3n indebida de su portal ejerciendo todas las acciones civiles y penales que le puedan corresponder en derecho.<\/p>\n<p><strong>10.MODIFICACI\u00d3N DE LAS PRESENTES CONDICIONES Y DURACI\u00d3N:<\/strong><br \/>\nBlankko podr\u00e1 modificar en cualquier momento las condiciones aqu\u00ed determinadas, siendo debidamente publicadas como aqu\u00ed aparecen. La vigencia de las citadas condiciones ir\u00e1 en funci\u00f3n de su exposici\u00f3n y estar\u00e1n vigentes hasta que sean modificadas por otras debidamente publicadas.<\/p>\n<p><strong>11. LEGISLACI\u00d3N APLICABLE Y JURISDICCI\u00d3N:<\/strong><br \/>\nLa relaci\u00f3n entre Blankko y el USUARIO se regir\u00e1 por la normativa espa\u00f1ola vigente y cualquier controversia se someter\u00e1 a los Juzgados y tribunales de la ciudad de M\u00e1laga.[\/vc_column_text][\/vc_column][\/vc_row]\n","protected":false},"excerpt":{"rendered":"<p>[vc_row][vc_column][vc_column_text] Pol\u00edtica de cookies Cookie es un fichero que se descarga en su ordenador al acceder a determinadas p\u00e1ginas web. Las cookies permiten a una p\u00e1gina web, entre otras cosas, almacenar y recuperar informaci\u00f3n sobre los h\u00e1bitos de navegaci\u00f3n de un usuario o de su equipo y, dependiendo de la informaci\u00f3n que contengan y de..<\/p>\n","protected":false},"author":14,"featured_media":0,"parent":0,"menu_order":0,"comment_status":"closed","ping_status":"closed","template":"","meta":{"footnotes":""},"class_list":["post-1080","page","type-page","status-publish","hentry"],"yoast_head":"<!-- This site is optimized with the Yoast SEO plugin v27.4 - https:\/\/yoast.com\/product\/yoast-seo-wordpress\/ -->\n<title>Cookies Policy and Privacy Act - Restaurante Benalm\u00e1dena Costa<\/title>\n<meta name=\"description\" content=\"Pol\u00edtica de cookies Cookie es un fichero que se descarga en su ordenador al acceder a determinadas p\u00e1ginas web. Las cookies permiten a una p\u00e1gina web,\" \/>\n<meta name=\"robots\" content=\"index, follow, max-snippet:-1, max-image-preview:large, max-video-preview:-1\" \/>\n<meta property=\"og:locale\" content=\"en_US\" \/>\n<meta property=\"og:type\" content=\"article\" \/>\n<meta property=\"og:title\" content=\"Cookies Policy and Privacy Act - Restaurante Benalm\u00e1dena Costa\" \/>\n<meta property=\"og:description\" content=\"Pol\u00edtica de cookies Cookie es un fichero que se descarga en su ordenador al acceder a determinadas p\u00e1ginas web. Las cookies permiten a una p\u00e1gina web,\" \/>\n<meta property=\"og:url\" content=\"https:\/\/www.blankko.es\/politica-cookies-ley-privacidad\/\" \/>\n<meta property=\"og:site_name\" content=\"Blankko\" \/>\n<meta property=\"article:publisher\" content=\"https:\/\/www.facebook.com\/blankkorestaurante\/\" \/>\n<meta property=\"article:modified_time\" content=\"2018-02-01T13:40:16+00:00\" \/>\n<meta name=\"twitter:card\" content=\"summary_large_image\" \/>\n<meta name=\"twitter:label1\" content=\"Est. reading time\" \/>\n\t<meta name=\"twitter:data1\" content=\"11 minutes\" \/>\n<script type=\"application\/ld+json\" class=\"yoast-schema-graph\">{\"@context\":\"https:\\\/\\\/schema.org\",\"@graph\":[{\"@type\":\"WebPage\",\"@id\":\"https:\\\/\\\/www.blankko.es\\\/politica-cookies-ley-privacidad\\\/\",\"url\":\"https:\\\/\\\/www.blankko.es\\\/politica-cookies-ley-privacidad\\\/\",\"name\":\"Cookies Policy and Privacy Act - Restaurante Benalm\u00e1dena Costa\",\"isPartOf\":{\"@id\":\"https:\\\/\\\/www.blankko.es\\\/#website\"},\"datePublished\":\"2017-08-23T10:52:36+00:00\",\"dateModified\":\"2018-02-01T13:40:16+00:00\",\"description\":\"Pol\u00edtica de cookies Cookie es un fichero que se descarga en su ordenador al acceder a determinadas p\u00e1ginas web. Las cookies permiten a una p\u00e1gina web,\",\"breadcrumb\":{\"@id\":\"https:\\\/\\\/www.blankko.es\\\/politica-cookies-ley-privacidad\\\/#breadcrumb\"},\"inLanguage\":\"en-US\",\"potentialAction\":[{\"@type\":\"ReadAction\",\"target\":[\"https:\\\/\\\/www.blankko.es\\\/politica-cookies-ley-privacidad\\\/\"]}]},{\"@type\":\"BreadcrumbList\",\"@id\":\"https:\\\/\\\/www.blankko.es\\\/politica-cookies-ley-privacidad\\\/#breadcrumb\",\"itemListElement\":[{\"@type\":\"ListItem\",\"position\":1,\"name\":\"Portada\",\"item\":\"https:\\\/\\\/www.blankko.es\\\/en\\\/\"},{\"@type\":\"ListItem\",\"position\":2,\"name\":\"Cookies Policy and Privacy Act\"}]},{\"@type\":\"WebSite\",\"@id\":\"https:\\\/\\\/www.blankko.es\\\/#website\",\"url\":\"https:\\\/\\\/www.blankko.es\\\/\",\"name\":\"Blankko\",\"description\":\"Restaurante y Eventos\",\"publisher\":{\"@id\":\"https:\\\/\\\/www.blankko.es\\\/#organization\"},\"potentialAction\":[{\"@type\":\"SearchAction\",\"target\":{\"@type\":\"EntryPoint\",\"urlTemplate\":\"https:\\\/\\\/www.blankko.es\\\/?s={search_term_string}\"},\"query-input\":{\"@type\":\"PropertyValueSpecification\",\"valueRequired\":true,\"valueName\":\"search_term_string\"}}],\"inLanguage\":\"en-US\"},{\"@type\":\"Organization\",\"@id\":\"https:\\\/\\\/www.blankko.es\\\/#organization\",\"name\":\"Blankko\",\"url\":\"https:\\\/\\\/www.blankko.es\\\/\",\"logo\":{\"@type\":\"ImageObject\",\"inLanguage\":\"en-US\",\"@id\":\"https:\\\/\\\/www.blankko.es\\\/#\\\/schema\\\/logo\\\/image\\\/\",\"url\":\"https:\\\/\\\/www.blankko.es\\\/wp-content\\\/uploads\\\/2017\\\/05\\\/blankko-logo.png\",\"contentUrl\":\"https:\\\/\\\/www.blankko.es\\\/wp-content\\\/uploads\\\/2017\\\/05\\\/blankko-logo.png\",\"width\":200,\"height\":70,\"caption\":\"Blankko\"},\"image\":{\"@id\":\"https:\\\/\\\/www.blankko.es\\\/#\\\/schema\\\/logo\\\/image\\\/\"},\"sameAs\":[\"https:\\\/\\\/www.facebook.com\\\/blankkorestaurante\\\/\",\"https:\\\/\\\/www.instagram.com\\\/blankkolounge\\\/\",\"https:\\\/\\\/nl.pinterest.com\\\/blankkolounge\\\/\"]}]}<\/script>\n<!-- \/ Yoast SEO plugin. -->","yoast_head_json":{"title":"Cookies Policy and Privacy Act - Restaurante Benalm\u00e1dena Costa","description":"Pol\u00edtica de cookies Cookie es un fichero que se descarga en su ordenador al acceder a determinadas p\u00e1ginas web. Las cookies permiten a una p\u00e1gina web,","robots":{"index":"index","follow":"follow","max-snippet":"max-snippet:-1","max-image-preview":"max-image-preview:large","max-video-preview":"max-video-preview:-1"},"og_locale":"en_US","og_type":"article","og_title":"Cookies Policy and Privacy Act - Restaurante Benalm\u00e1dena Costa","og_description":"Pol\u00edtica de cookies Cookie es un fichero que se descarga en su ordenador al acceder a determinadas p\u00e1ginas web. Las cookies permiten a una p\u00e1gina web,","og_url":"https:\/\/www.blankko.es\/politica-cookies-ley-privacidad\/","og_site_name":"Blankko","article_publisher":"https:\/\/www.facebook.com\/blankkorestaurante\/","article_modified_time":"2018-02-01T13:40:16+00:00","twitter_card":"summary_large_image","twitter_misc":{"Est. reading time":"11 minutes"},"schema":{"@context":"https:\/\/schema.org","@graph":[{"@type":"WebPage","@id":"https:\/\/www.blankko.es\/politica-cookies-ley-privacidad\/","url":"https:\/\/www.blankko.es\/politica-cookies-ley-privacidad\/","name":"Cookies Policy and Privacy Act - Restaurante Benalm\u00e1dena Costa","isPartOf":{"@id":"https:\/\/www.blankko.es\/#website"},"datePublished":"2017-08-23T10:52:36+00:00","dateModified":"2018-02-01T13:40:16+00:00","description":"Pol\u00edtica de cookies Cookie es un fichero que se descarga en su ordenador al acceder a determinadas p\u00e1ginas web. Las cookies permiten a una p\u00e1gina web,","breadcrumb":{"@id":"https:\/\/www.blankko.es\/politica-cookies-ley-privacidad\/#breadcrumb"},"inLanguage":"en-US","potentialAction":[{"@type":"ReadAction","target":["https:\/\/www.blankko.es\/politica-cookies-ley-privacidad\/"]}]},{"@type":"BreadcrumbList","@id":"https:\/\/www.blankko.es\/politica-cookies-ley-privacidad\/#breadcrumb","itemListElement":[{"@type":"ListItem","position":1,"name":"Portada","item":"https:\/\/www.blankko.es\/en\/"},{"@type":"ListItem","position":2,"name":"Cookies Policy and Privacy Act"}]},{"@type":"WebSite","@id":"https:\/\/www.blankko.es\/#website","url":"https:\/\/www.blankko.es\/","name":"Blankko","description":"Restaurante y Eventos","publisher":{"@id":"https:\/\/www.blankko.es\/#organization"},"potentialAction":[{"@type":"SearchAction","target":{"@type":"EntryPoint","urlTemplate":"https:\/\/www.blankko.es\/?s={search_term_string}"},"query-input":{"@type":"PropertyValueSpecification","valueRequired":true,"valueName":"search_term_string"}}],"inLanguage":"en-US"},{"@type":"Organization","@id":"https:\/\/www.blankko.es\/#organization","name":"Blankko","url":"https:\/\/www.blankko.es\/","logo":{"@type":"ImageObject","inLanguage":"en-US","@id":"https:\/\/www.blankko.es\/#\/schema\/logo\/image\/","url":"https:\/\/www.blankko.es\/wp-content\/uploads\/2017\/05\/blankko-logo.png","contentUrl":"https:\/\/www.blankko.es\/wp-content\/uploads\/2017\/05\/blankko-logo.png","width":200,"height":70,"caption":"Blankko"},"image":{"@id":"https:\/\/www.blankko.es\/#\/schema\/logo\/image\/"},"sameAs":["https:\/\/www.facebook.com\/blankkorestaurante\/","https:\/\/www.instagram.com\/blankkolounge\/","https:\/\/nl.pinterest.com\/blankkolounge\/"]}]}},"_links":{"self":[{"href":"https:\/\/www.blankko.es\/en\/wp-json\/wp\/v2\/pages\/1080","targetHints":{"allow":["GET"]}}],"collection":[{"href":"https:\/\/www.blankko.es\/en\/wp-json\/wp\/v2\/pages"}],"about":[{"href":"https:\/\/www.blankko.es\/en\/wp-json\/wp\/v2\/types\/page"}],"author":[{"embeddable":true,"href":"https:\/\/www.blankko.es\/en\/wp-json\/wp\/v2\/users\/14"}],"replies":[{"embeddable":true,"href":"https:\/\/www.blankko.es\/en\/wp-json\/wp\/v2\/comments?post=1080"}],"version-history":[{"count":0,"href":"https:\/\/www.blankko.es\/en\/wp-json\/wp\/v2\/pages\/1080\/revisions"}],"wp:attachment":[{"href":"https:\/\/www.blankko.es\/en\/wp-json\/wp\/v2\/media?parent=1080"}],"curies":[{"name":"wp","href":"https:\/\/api.w.org\/{rel}","templated":true}]}}